{"id":4432,"date":"2022-09-30T17:56:44","date_gmt":"2022-09-30T14:56:44","guid":{"rendered":"https:\/\/site.navmarine.com.tr\/about\/"},"modified":"2024-09-26T13:41:33","modified_gmt":"2024-09-26T10:41:33","slug":"about","status":"publish","type":"page","link":"https:\/\/navmarine.com.tr\/tr\/about\/","title":{"rendered":"Biz Kimiz"},"content":{"rendered":"<p><div class=\"fusion-fullwidth fullwidth-box fusion-builder-row-1 fusion-flex-container has-pattern-background has-mask-background nonhundred-percent-fullwidth non-hundred-percent-height-scrolling\" style=\"--awb-border-radius-top-left:0px;--awb-border-radius-top-right:0px;--awb-border-radius-bottom-right:0px;--awb-border-radius-bottom-left:0px;--awb-flex-wrap:wrap;\" ><div class=\"fusion-builder-row fusion-row fusion-flex-align-items-flex-start fusion-flex-content-wrap\" style=\"max-width:1372.8px;margin-left: calc(-4% \/ 2 );margin-right: calc(-4% \/ 2 );\"><div class=\"fusion-layout-column fusion_builder_column fusion-builder-column-0 fusion_builder_column_2_3 2_3 fusion-flex-column\" style=\"--awb-bg-size:cover;--awb-width-large:66.666666666667%;--awb-margin-top-large:0px;--awb-spacing-right-large:2.88%;--awb-margin-bottom-large:20px;--awb-spacing-left-large:2.88%;--awb-width-medium:66.666666666667%;--awb-order-medium:0;--awb-spacing-right-medium:2.88%;--awb-spacing-left-medium:2.88%;--awb-width-small:100%;--awb-order-small:0;--awb-spacing-right-small:1.92%;--awb-spacing-left-small:1.92%;\"><div class=\"fusion-column-wrapper fusion-column-has-shadow fusion-flex-justify-content-flex-start fusion-content-layout-column\"><div class=\"fusion-text fusion-text-1\"><h2>\u201c Navmarine Denizcilik ve Lojistik Hizmetleri \u201c kimdir<\/h2>\n<p>Navmarine Denizcilik, 15 y\u0131l\u0131 a\u015fk\u0131n deneyime sahip Birle\u015fik Arap Emirlikleri ofislerindeki k\u00f6klerimizin bir uzant\u0131s\u0131 olarak 2018 y\u0131l\u0131nda \u0130stanbul&#8217;da kurulmu\u015f bir \u015firkettir. Gemi Y\u00f6neticileri, Kirac\u0131lar ve Freight Forwarderlar olarak faaliyet g\u00f6steren \u015firketimiz, hizmetlerimizi t\u00fcm m\u00fc\u015fterilerimize her yerde sunmam\u0131z\u0131 destekleyen d\u00fcnya \u00e7ap\u0131nda bir a\u011fa sahiptir.<\/p>\n<p>FCL full konteyner, LCL parsiyel sevkiyatlar, kara y\u00fck ta\u015f\u0131mac\u0131l\u0131\u011f\u0131, gemi kiralama, transit ticaret ta\u015f\u0131mac\u0131l\u0131\u011f\u0131 ve multimodal ta\u015f\u0131mac\u0131l\u0131k gibi alanlarda hizmet vermekteyiz. Geni\u015f acente a\u011f\u0131m\u0131z sayesinde.<\/p>\n<p>\u015eirketimiz, gelecek vizyonu ile hizmetlerini en iyi seviyeye ula\u015ft\u0131rarak, ko\u015fulsuz m\u00fc\u015fteri memnuniyeti anlay\u0131\u015f\u0131yla, sorun de\u011fil \u00e7\u00f6z\u00fcm \u00fcreten, etik kurallardan taviz vermeyen, ta\u015f\u0131ma s\u00fcrecinin her a\u015famas\u0131nda do\u011fru ve g\u00fcncel bilgilendirmenin yan\u0131 s\u0131ra azami \u00f6zeni g\u00f6steren bir konumda, i\u015f ve lojistik \u00e7\u00f6z\u00fcm ortaklar\u0131m\u0131z olarak siz de\u011ferli m\u00fc\u015fterilerimize sunmay\u0131 hedeflemektedir.<\/p>\n<p>Sizlerin memnuniyeti i\u00e7in istikrarl\u0131 bir \u015fekilde b\u00fcy\u00fcyor ve d\u00fcnya pazar\u0131na hakim nakliye hatlar\u0131 ile olan yak\u0131n ba\u011flant\u0131lar\u0131m\u0131z sayesinde hizmetlerimizi en h\u0131zl\u0131, en verimli, en g\u00fcvenilir ve en uygun fiyat se\u00e7enekleri ile geni\u015fletiyoruz.<\/p>\n<h2>Misyonumuz<\/h2>\n<p>G\u00fcvenli bir \u00e7al\u0131\u015fma ortam\u0131nda s\u00fcrekli iyile\u015ftirme ile tan\u0131nan birinci s\u0131n\u0131f bir liman ve deniz lojisti\u011fi hizmeti sunmak ve m\u00fc\u015fterilerimiz i\u00e7in ilk tercih olmak.<\/p>\n<h2>Vizyonumuz<\/h2>\n<p>\u00d6nde gelen uluslararas\u0131 bir \u015eirket, yetenekli profesyonelleri ve liman ve deniz lojisti\u011fi alan\u0131ndaki operasyonel m\u00fckemmelli\u011fi ile tan\u0131nmaktad\u0131r.<\/p>\n<h2>De\u011ferler<\/h2>\n<ul>\n<li>BAKIM<\/li>\n<\/ul>\n<p>\u00c7al\u0131\u015fanlar\u0131m\u0131z\u0131, m\u00fc\u015fterilerimizi, tedarik\u00e7ilerimizi, ortaklar\u0131m\u0131z\u0131 ve toplumlar\u0131m\u0131z\u0131 \u00f6nemsiyoruz. Herkesin yarar\u0131 i\u00e7in g\u00fc\u00e7l\u00fc ve uzun vadeli ili\u015fkiler kurarak onlar\u0131n tam potansiyellerine ula\u015fmalar\u0131na yard\u0131mc\u0131 olmay\u0131 ama\u00e7l\u0131yoruz.<\/p>\n<ul>\n<li>S\u00dcREKLI\u0307 I\u0307YI\u0307LE\u015eTI\u0307RME<\/li>\n<\/ul>\n<p>Her zaman ilerlemeye \u00e7al\u0131\u015f\u0131yoruz ve i\u015fimizi ve m\u00fc\u015fterilerimize sundu\u011fumuz hizmeti iyile\u015ftirmek i\u00e7in yarat\u0131c\u0131 \u00e7\u00f6z\u00fcmler ve yenilikler geli\u015ftirece\u011fiz.<\/p>\n<ul>\n<li>M\u00dc\u015eTERI\u0307 BA\u015eARISI<\/li>\n<\/ul>\n<p>T\u00fcm m\u00fc\u015fterilerimizin ba\u015far\u0131s\u0131n\u0131 sa\u011flamak i\u00e7in birinci s\u0131n\u0131f, rekabet\u00e7i ve verimli bir hizmet sunmaya kararl\u0131y\u0131z.<\/p>\n<ul>\n<li>M\u00dcKEMMELL\u0130K<\/li>\n<\/ul>\n<p>Her zaman profesyonellik ve m\u00fckemmellik ile s\u00f6z verdiklerimizi yerine getirmeyi hedefliyoruz.<\/p>\n<ul>\n<li>B\u00dcT\u00dcNL\u00dcK<\/li>\n<\/ul>\n<p>\u015eirket olarak, yapt\u0131\u011f\u0131m\u0131z her i\u015fte d\u00fcr\u00fcstl\u00fck, sayg\u0131 ve adaletle \u00e7al\u0131\u015fmaya kararl\u0131y\u0131z.<\/p>\n<\/div><\/div><\/div><div class=\"fusion-layout-column fusion_builder_column fusion-builder-column-1 fusion_builder_column_1_3 1_3 fusion-flex-column\" style=\"--awb-bg-size:cover;--awb-width-large:33.333333333333%;--awb-margin-top-large:0px;--awb-spacing-right-large:5.76%;--awb-margin-bottom-large:20px;--awb-spacing-left-large:5.76%;--awb-width-medium:33.333333333333%;--awb-order-medium:0;--awb-spacing-right-medium:5.76%;--awb-spacing-left-medium:5.76%;--awb-width-small:100%;--awb-order-small:0;--awb-spacing-right-small:1.92%;--awb-spacing-left-small:1.92%;\"><div class=\"fusion-column-wrapper fusion-column-has-shadow fusion-flex-justify-content-flex-start fusion-content-layout-column\"><div class=\"fusion-image-element \" style=\"--awb-aspect-ratio:1 \/ 1;--awb-margin-top:150px;--awb-caption-title-font-family:var(--h2_typography-font-family);--awb-caption-title-font-weight:var(--h2_typography-font-weight);--awb-caption-title-font-style:var(--h2_typography-font-style);--awb-caption-title-size:var(--h2_typography-font-size);--awb-caption-title-transform:var(--h2_typography-text-transform);--awb-caption-title-line-height:var(--h2_typography-line-height);--awb-caption-title-letter-spacing:var(--h2_typography-letter-spacing);\"><span class=\" fusion-imageframe imageframe-none imageframe-1 hover-type-none has-aspect-ratio\"><img decoding=\"async\" width=\"300\" height=\"200\" alt=\"Navmarine | Shipping company in Turkey | Ship Owner | Cargo\" title=\"TURKEY-SHIP\" src=\"https:\/\/navmarine.com.tr\/wp-content\/uploads\/2024\/09\/TURKEY-SHIP.jpg\" data-orig-src=\"https:\/\/navmarine.com.tr\/wp-content\/uploads\/2024\/09\/TURKEY-SHIP-300x200.jpg\" class=\"lazyload img-responsive wp-image-3829 img-with-aspect-ratio\" data-parent-fit=\"cover\" data-parent-container=\".fusion-image-element\" srcset=\"data:image\/svg+xml,%3Csvg%20xmlns%3D%27http%3A%2F%2Fwww.w3.org%2F2000%2Fsvg%27%20width%3D%27630%27%20height%3D%27420%27%20viewBox%3D%270%200%20630%20420%27%3E%3Crect%20width%3D%27630%27%20height%3D%27420%27%20fill-opacity%3D%220%22%2F%3E%3C%2Fsvg%3E\" data-srcset=\"https:\/\/navmarine.com.tr\/wp-content\/uploads\/2024\/09\/TURKEY-SHIP-200x133.jpg 200w, https:\/\/navmarine.com.tr\/wp-content\/uploads\/2024\/09\/TURKEY-SHIP-400x267.jpg 400w, https:\/\/navmarine.com.tr\/wp-content\/uploads\/2024\/09\/TURKEY-SHIP-600x400.jpg 600w, https:\/\/navmarine.com.tr\/wp-content\/uploads\/2024\/09\/TURKEY-SHIP.jpg 630w\" data-sizes=\"auto\" data-orig-sizes=\"(max-width: 850px) 100vw, 400px\" \/><\/span><\/div><div class=\"fusion-image-element \" style=\"--awb-aspect-ratio:1 \/ 1;--awb-margin-top:150px;--awb-caption-title-font-family:var(--h2_typography-font-family);--awb-caption-title-font-weight:var(--h2_typography-font-weight);--awb-caption-title-font-style:var(--h2_typography-font-style);--awb-caption-title-size:var(--h2_typography-font-size);--awb-caption-title-transform:var(--h2_typography-text-transform);--awb-caption-title-line-height:var(--h2_typography-line-height);--awb-caption-title-letter-spacing:var(--h2_typography-letter-spacing);\"><span class=\" fusion-imageframe imageframe-none imageframe-2 hover-type-none has-aspect-ratio\"><img decoding=\"async\" width=\"300\" height=\"300\" alt=\"Navmarine | Shipping company in Turkey | Ship Owner | Cargo\" title=\"Modern_Dubai_City_Tour-large-1\" src=\"https:\/\/navmarine.com.tr\/wp-content\/uploads\/2024\/09\/Modern_Dubai_City_Tour-large-1.jpg\" data-orig-src=\"https:\/\/navmarine.com.tr\/wp-content\/uploads\/2024\/09\/Modern_Dubai_City_Tour-large-1-300x300.jpg\" class=\"lazyload img-responsive wp-image-3831 img-with-aspect-ratio\" data-parent-fit=\"cover\" data-parent-container=\".fusion-image-element\" srcset=\"data:image\/svg+xml,%3Csvg%20xmlns%3D%27http%3A%2F%2Fwww.w3.org%2F2000%2Fsvg%27%20width%3D%271232%27%20height%3D%271232%27%20viewBox%3D%270%200%201232%201232%27%3E%3Crect%20width%3D%271232%27%20height%3D%271232%27%20fill-opacity%3D%220%22%2F%3E%3C%2Fsvg%3E\" data-srcset=\"https:\/\/navmarine.com.tr\/wp-content\/uploads\/2024\/09\/Modern_Dubai_City_Tour-large-1-200x200.jpg 200w, https:\/\/navmarine.com.tr\/wp-content\/uploads\/2024\/09\/Modern_Dubai_City_Tour-large-1-400x400.jpg 400w, https:\/\/navmarine.com.tr\/wp-content\/uploads\/2024\/09\/Modern_Dubai_City_Tour-large-1-600x600.jpg 600w, https:\/\/navmarine.com.tr\/wp-content\/uploads\/2024\/09\/Modern_Dubai_City_Tour-large-1-800x800.jpg 800w, https:\/\/navmarine.com.tr\/wp-content\/uploads\/2024\/09\/Modern_Dubai_City_Tour-large-1-1200x1200.jpg 1200w, https:\/\/navmarine.com.tr\/wp-content\/uploads\/2024\/09\/Modern_Dubai_City_Tour-large-1.jpg 1232w\" data-sizes=\"auto\" data-orig-sizes=\"(max-width: 850px) 100vw, 400px\" \/><\/span><\/div><\/div><\/div><\/div><\/div><div class=\"fusion-fullwidth fullwidth-box fusion-builder-row-2 fusion-flex-container has-pattern-background has-mask-background nonhundred-percent-fullwidth non-hundred-percent-height-scrolling\" style=\"--awb-border-radius-top-left:0px;--awb-border-radius-top-right:0px;--awb-border-radius-bottom-right:0px;--awb-border-radius-bottom-left:0px;--awb-margin-top:60px;--awb-background-color:var(--awb-color2);--awb-flex-wrap:wrap;\" ><div class=\"fusion-builder-row fusion-row fusion-flex-align-items-flex-start fusion-flex-content-wrap\" style=\"max-width:1372.8px;margin-left: calc(-4% \/ 2 );margin-right: calc(-4% \/ 2 );\"><div class=\"fusion-layout-column fusion_builder_column fusion-builder-column-2 fusion_builder_column_1_2 1_2 fusion-flex-column\" style=\"--awb-bg-size:cover;--awb-transform:translateX(0px);--awb-transform-hover:translateX(15px);--awb-width-large:50%;--awb-margin-top-large:0px;--awb-spacing-right-large:3.84%;--awb-margin-bottom-large:0px;--awb-spacing-left-large:3.84%;--awb-width-medium:50%;--awb-order-medium:0;--awb-spacing-right-medium:3.84%;--awb-spacing-left-medium:3.84%;--awb-width-small:100%;--awb-order-small:2;--awb-spacing-right-small:1.92%;--awb-spacing-left-small:1.92%;\"><div class=\"fusion-column-wrapper fusion-column-has-shadow fusion-flex-justify-content-flex-start fusion-content-layout-column\"><div class=\"fusion-image-element \" style=\"--awb-aspect-ratio: 100 \/ 90;--awb-object-position:52% 22%;--awb-caption-title-color:hsla(var(--awb-color1-h),var(--awb-color1-s),var(--awb-color1-l),calc(var(--awb-color1-a) - 100%));--awb-caption-overlay-color:hsla(var(--awb-color1-h),var(--awb-color1-s),calc(var(--awb-color1-l) - 100%),calc(var(--awb-color1-a) - 50%));--awb-caption-title-font-family:var(--h2_typography-font-family);--awb-caption-title-font-weight:var(--h2_typography-font-weight);--awb-caption-title-font-style:var(--h2_typography-font-style);--awb-caption-title-size:var(--h2_typography-font-size);--awb-caption-title-transform:var(--h2_typography-text-transform);--awb-caption-title-line-height:var(--h2_typography-line-height);--awb-caption-title-letter-spacing:var(--h2_typography-letter-spacing);\"><span class=\" fusion-imageframe imageframe-none imageframe-3 hover-type-none has-aspect-ratio\" style=\"border-radius:0px 0px 50px 0px;\"><img decoding=\"async\" width=\"300\" height=\"200\" alt=\"Navmarine | Shipping company in Turkey | Ship Owner | Cargo\" title=\"1000_F_492638933_ZI60iV36KP8x29E2VoB5lCWxtIOHO8QK\" src=\"https:\/\/navmarine.com.tr\/wp-content\/uploads\/2024\/09\/1000_F_492638933_ZI60iV36KP8x29E2VoB5lCWxtIOHO8QK.jpg\" data-orig-src=\"https:\/\/navmarine.com.tr\/wp-content\/uploads\/2024\/09\/1000_F_492638933_ZI60iV36KP8x29E2VoB5lCWxtIOHO8QK-300x200.jpg\" class=\"lazyload img-responsive wp-image-3827 img-with-aspect-ratio\" data-parent-fit=\"cover\" data-parent-container=\".fusion-image-element\" srcset=\"data:image\/svg+xml,%3Csvg%20xmlns%3D%27http%3A%2F%2Fwww.w3.org%2F2000%2Fsvg%27%20width%3D%271000%27%20height%3D%27667%27%20viewBox%3D%270%200%201000%20667%27%3E%3Crect%20width%3D%271000%27%20height%3D%27667%27%20fill-opacity%3D%220%22%2F%3E%3C%2Fsvg%3E\" data-srcset=\"https:\/\/navmarine.com.tr\/wp-content\/uploads\/2024\/09\/1000_F_492638933_ZI60iV36KP8x29E2VoB5lCWxtIOHO8QK-200x133.jpg 200w, https:\/\/navmarine.com.tr\/wp-content\/uploads\/2024\/09\/1000_F_492638933_ZI60iV36KP8x29E2VoB5lCWxtIOHO8QK-400x267.jpg 400w, https:\/\/navmarine.com.tr\/wp-content\/uploads\/2024\/09\/1000_F_492638933_ZI60iV36KP8x29E2VoB5lCWxtIOHO8QK-600x400.jpg 600w, https:\/\/navmarine.com.tr\/wp-content\/uploads\/2024\/09\/1000_F_492638933_ZI60iV36KP8x29E2VoB5lCWxtIOHO8QK-800x534.jpg 800w, https:\/\/navmarine.com.tr\/wp-content\/uploads\/2024\/09\/1000_F_492638933_ZI60iV36KP8x29E2VoB5lCWxtIOHO8QK.jpg 1000w\" data-sizes=\"auto\" data-orig-sizes=\"(max-width: 850px) 100vw, 800px\" \/><\/span><\/div><\/div><\/div><div class=\"fusion-layout-column fusion_builder_column fusion-builder-column-3 fusion_builder_column_1_2 1_2 fusion-flex-column fusion-flex-align-self-center\" style=\"--awb-padding-left:50px;--awb-padding-right-small:0px;--awb-padding-left-small:0px;--awb-bg-size:cover;--awb-width-large:50%;--awb-margin-top-large:0px;--awb-spacing-right-large:3.84%;--awb-margin-bottom-large:0px;--awb-spacing-left-large:3.84%;--awb-width-medium:50%;--awb-order-medium:0;--awb-spacing-right-medium:3.84%;--awb-spacing-left-medium:3.84%;--awb-width-small:100%;--awb-order-small:1;--awb-spacing-right-small:1.92%;--awb-margin-bottom-small:60px;--awb-spacing-left-small:1.92%;\"><div class=\"fusion-column-wrapper fusion-column-has-shadow fusion-flex-justify-content-flex-start fusion-content-layout-column\"><div class=\"fusion-text fusion-text-2 fusion-text-no-margin\" style=\"--awb-font-size:19px;--awb-text-transform:capitalize;--awb-text-color:var(--awb-color5);--awb-margin-bottom:0px;\"><p>Tutkulu &#8211; Kendini adam\u0131\u015f &#8211; Profesyonel<\/p>\n<\/div><div class=\"fusion-separator\" style=\"align-self: flex-start;margin-right:auto;width:100%;max-width:282px;\"><div class=\"fusion-separator-border sep-single sep-dotted\" style=\"--awb-height:20px;--awb-amount:20px;--awb-sep-color:var(--awb-color4);border-color:var(--awb-color4);border-top-width:1px;\"><\/div><\/div><div class=\"fusion-title title fusion-title-1 fusion-sep-none fusion-title-text fusion-title-size-two\" style=\"--awb-margin-top:20px;\"><h2 class=\"fusion-title-heading title-heading-left\" style=\"margin:0;\">g\u00fcnl\u00fck i\u0307\u015fleri\u0307ni\u0307zi\u0307 ba\u015fariya ula\u015ftiriyoruz<\/h2><\/div><div class=\"fusion-text fusion-text-3 fusion-text-no-margin\" style=\"--awb-margin-top:6px;--awb-margin-bottom:30px;\"><p>Kendimizi birinci s\u0131n\u0131f, rekabet\u00e7i ve verimli bir hizmet sunmaya adad\u0131k.<\/p>\n<\/div><div class=\"fusion-builder-row fusion-builder-row-inner fusion-row fusion-flex-align-items-flex-start fusion-flex-content-wrap\" style=\"width:104% !important;max-width:104% !important;margin-left: calc(-4% \/ 2 );margin-right: calc(-4% \/ 2 );\"><div class=\"fusion-layout-column fusion_builder_column_inner fusion-builder-nested-column-0 fusion_builder_column_inner_1_4 1_4 fusion-flex-column\" style=\"--awb-bg-size:cover;--awb-border-color:var(--awb-color4);--awb-border-style:dotted;--awb-width-large:25%;--awb-margin-top-large:0px;--awb-spacing-right-large:7.68%;--awb-margin-bottom-large:0px;--awb-spacing-left-large:7.68%;--awb-width-medium:25%;--awb-order-medium:0;--awb-spacing-right-medium:7.68%;--awb-spacing-left-medium:7.68%;--awb-width-small:100%;--awb-order-small:0;--awb-spacing-right-small:1.92%;--awb-spacing-left-small:1.92%;\"><div class=\"fusion-column-wrapper fusion-column-has-shadow fusion-flex-justify-content-flex-start fusion-content-layout-column\"><div class=\"fusion-title title fusion-title-2 fusion-sep-none fusion-title-text fusion-title-size-two\" style=\"--awb-text-color:var(--awb-color6);--awb-margin-top:0px;--awb-margin-bottom:0px;\"><h2 class=\"fusion-title-heading title-heading-left\" style=\"margin:0;\">3<\/h2><\/div><div class=\"fusion-text fusion-text-4 fusion-text-no-margin\" style=\"--awb-margin-bottom:0px;\"><p>D\u00fcnya \u00c7ap\u0131nda Ofisler<\/p>\n<\/div><\/div><\/div><div class=\"fusion-layout-column fusion_builder_column_inner fusion-builder-nested-column-1 fusion_builder_column_inner_1_4 1_4 fusion-flex-column\" style=\"--awb-bg-size:cover;--awb-border-color:var(--awb-color4);--awb-border-style:dotted;--awb-width-large:25%;--awb-margin-top-large:0px;--awb-spacing-right-large:7.68%;--awb-margin-bottom-large:0px;--awb-spacing-left-large:7.68%;--awb-width-medium:25%;--awb-order-medium:0;--awb-spacing-right-medium:7.68%;--awb-spacing-left-medium:7.68%;--awb-width-small:100%;--awb-order-small:0;--awb-spacing-right-small:1.92%;--awb-spacing-left-small:1.92%;\"><div class=\"fusion-column-wrapper fusion-column-has-shadow fusion-flex-justify-content-flex-start fusion-content-layout-column\"><div class=\"fusion-title title fusion-title-3 fusion-sep-none fusion-title-text fusion-title-size-two\" style=\"--awb-text-color:var(--awb-color6);--awb-margin-top:0px;--awb-margin-bottom:0px;\"><h2 class=\"fusion-title-heading title-heading-left\" style=\"margin:0;\">73<\/h2><\/div><div class=\"fusion-text fusion-text-5 fusion-text-no-margin\" style=\"--awb-margin-bottom:0px;\"><p>\u00c7al\u0131\u015fkan \u0130nsanlar<\/p>\n<\/div><\/div><\/div><div class=\"fusion-layout-column fusion_builder_column_inner fusion-builder-nested-column-2 fusion_builder_column_inner_1_4 1_4 fusion-flex-column\" style=\"--awb-bg-size:cover;--awb-border-color:var(--awb-color4);--awb-border-style:dotted;--awb-width-large:25%;--awb-margin-top-large:0px;--awb-spacing-right-large:7.68%;--awb-margin-bottom-large:0px;--awb-spacing-left-large:7.68%;--awb-width-medium:25%;--awb-order-medium:0;--awb-spacing-right-medium:7.68%;--awb-spacing-left-medium:7.68%;--awb-width-small:100%;--awb-order-small:0;--awb-spacing-right-small:1.92%;--awb-spacing-left-small:1.92%;\"><div class=\"fusion-column-wrapper fusion-column-has-shadow fusion-flex-justify-content-flex-start fusion-content-layout-column\"><div class=\"fusion-title title fusion-title-4 fusion-sep-none fusion-title-text fusion-title-size-two\" style=\"--awb-text-color:var(--awb-color6);--awb-margin-top:0px;--awb-margin-bottom:0px;\"><h2 class=\"fusion-title-heading title-heading-left\" style=\"margin:0;\">67<\/h2><\/div><div class=\"fusion-text fusion-text-6 fusion-text-no-margin\" style=\"--awb-margin-bottom:0px;\"><p>Kapsanan \u00dclkeler<\/p>\n<\/div><\/div><\/div><div class=\"fusion-layout-column fusion_builder_column_inner fusion-builder-nested-column-3 fusion_builder_column_inner_1_4 1_4 fusion-flex-column\" style=\"--awb-bg-size:cover;--awb-width-large:25%;--awb-margin-top-large:0px;--awb-spacing-right-large:7.68%;--awb-margin-bottom-large:20px;--awb-spacing-left-large:7.68%;--awb-width-medium:25%;--awb-order-medium:0;--awb-spacing-right-medium:7.68%;--awb-spacing-left-medium:7.68%;--awb-width-small:100%;--awb-order-small:0;--awb-spacing-right-small:1.92%;--awb-spacing-left-small:1.92%;\"><div class=\"fusion-column-wrapper fusion-column-has-shadow fusion-flex-justify-content-flex-start fusion-content-layout-column\"><div class=\"fusion-title title fusion-title-5 fusion-sep-none fusion-title-text fusion-title-size-two\" style=\"--awb-text-color:var(--awb-color6);--awb-margin-top:0px;--awb-margin-bottom:0px;\"><h2 class=\"fusion-title-heading title-heading-left\" style=\"margin:0;\">17<\/h2><\/div><div class=\"fusion-text fusion-text-7 fusion-text-no-margin\" style=\"--awb-margin-bottom:0px;\"><p>Y\u0131llar\u0131n Deneyimi<\/p>\n<\/div><\/div><\/div><\/div><\/div><\/div><\/div><\/div><\/p>\n","protected":false},"excerpt":{"rendered":"","protected":false},"author":1,"featured_media":0,"parent":0,"menu_order":0,"comment_status":"closed","ping_status":"closed","template":"100-width.php","meta":{"_acf_changed":false,"om_disable_all_campaigns":false,"_monsterinsights_skip_tracking":false,"_monsterinsights_sitenote_active":false,"_monsterinsights_sitenote_note":"","_monsterinsights_sitenote_category":0,"_uf_show_specific_survey":0,"_uf_disable_surveys":false,"footnotes":""},"class_list":["post-4432","page","type-page","status-publish","hentry"],"acf":[],"_links":{"self":[{"href":"https:\/\/navmarine.com.tr\/tr\/wp-json\/wp\/v2\/pages\/4432","targetHints":{"allow":["GET"]}}],"collection":[{"href":"https:\/\/navmarine.com.tr\/tr\/wp-json\/wp\/v2\/pages"}],"about":[{"href":"https:\/\/navmarine.com.tr\/tr\/wp-json\/wp\/v2\/types\/page"}],"author":[{"embeddable":true,"href":"https:\/\/navmarine.com.tr\/tr\/wp-json\/wp\/v2\/users\/1"}],"replies":[{"embeddable":true,"href":"https:\/\/navmarine.com.tr\/tr\/wp-json\/wp\/v2\/comments?post=4432"}],"version-history":[{"count":0,"href":"https:\/\/navmarine.com.tr\/tr\/wp-json\/wp\/v2\/pages\/4432\/revisions"}],"wp:attachment":[{"href":"https:\/\/navmarine.com.tr\/tr\/wp-json\/wp\/v2\/media?parent=4432"}],"curies":[{"name":"wp","href":"https:\/\/api.w.org\/{rel}","templated":true}]}}